{"id":3,"date":"2020-10-20T15:48:31","date_gmt":"2020-10-20T18:48:31","guid":{"rendered":"https:\/\/gateware.com.br\/es\/?page_id=3"},"modified":"2020-12-28T10:02:56","modified_gmt":"2020-12-28T13:02:56","slug":"politica-de-privacidad","status":"publish","type":"page","link":"https:\/\/gateware.com.br\/es\/politica-de-privacidad\/","title":{"rendered":"Pol\u00edtica de privacidad"},"content":{"rendered":"\t\t<div data-elementor-type=\"wp-page\" data-elementor-id=\"3\" class=\"elementor elementor-3\" data-elementor-post-type=\"page\">\n\t\t\t\t\t\t<section class=\"elementor-section elementor-top-section elementor-element elementor-element-3917199 elementor-section-boxed elementor-section-height-default elementor-section-height-default\" data-id=\"3917199\" data-element_type=\"section\">\n\t\t\t\t\t\t<div class=\"elementor-container elementor-column-gap-default\">\n\t\t\t\t\t<div class=\"elementor-column elementor-col-100 elementor-top-column elementor-element elementor-element-0907afe\" data-id=\"0907afe\" data-element_type=\"column\">\n\t\t\t<div class=\"elementor-widget-wrap elementor-element-populated\">\n\t\t\t\t\t\t<div class=\"elementor-element elementor-element-e1c8622 elementor-widget elementor-widget-heading\" data-id=\"e1c8622\" data-element_type=\"widget\" data-widget_type=\"heading.default\">\n\t\t\t\t<div class=\"elementor-widget-container\">\n\t\t\t\t\t<h2 class=\"elementor-heading-title elementor-size-default\">Pol\u00edtica de privacidad<\/h2>\t\t\t\t<\/div>\n\t\t\t\t<\/div>\n\t\t\t\t<div class=\"elementor-element elementor-element-eb48116 elementor-widget elementor-widget-spacer\" data-id=\"eb48116\" data-element_type=\"widget\" data-widget_type=\"spacer.default\">\n\t\t\t\t<div class=\"elementor-widget-container\">\n\t\t\t\t\t\t\t<div class=\"elementor-spacer\">\n\t\t\t<div class=\"elementor-spacer-inner\"><\/div>\n\t\t<\/div>\n\t\t\t\t\t\t<\/div>\n\t\t\t\t<\/div>\n\t\t\t\t<div class=\"elementor-element elementor-element-793faa8 elementor-widget elementor-widget-text-editor\" data-id=\"793faa8\" data-element_type=\"widget\" data-widget_type=\"text-editor.default\">\n\t\t\t\t<div class=\"elementor-widget-container\">\n\t\t\t\t\t\t\t\t\t<p>En Gateware, privacidad y seguridad son prioridades y nos comprometemos con la transparencia del tratamiento de datos personales de nuestros usuarios\/clientes. Por eso, la presente Pol\u00edtica de Privacidad establece c\u00f3mo se hace la recolecci\u00f3n, uso y transferencia de informaci\u00f3n de los clientes u otras personas que acceden o usan nuestro sitio web.<\/p>\n<p><\/p>\n<p>Cuando utiliz\u00e1s nuestros servicios, das por entendido que vamos a recolectar y a usar tus informaciones personales de la manera que describimos en esta Pol\u00edtica, bajo las normas de Protecci\u00f3n de Datos (LGPD, Ley Federal 13.709\/2018), de las disposiciones consumeristas de la Ley Federal 8078\/1990 y de las dem\u00e1s normas aplicables del orden jur\u00eddico brasilero.<\/p>\n<p><\/p>\n<p>De esa forma, Gateware, de ahora en adelante denominada simplemente como Gateware Business Center Tecnologia inscripta en el CNPJ\/MF bajo el n\u00ba 14.382.060\/0001-20, en el papel de Controladora de Datos, est\u00e1 obligada a lo dispuesto en la presente Pol\u00edtica de Privacidad.<\/p>\n<p><strong>&nbsp;<\/strong><\/p>\n<p><strong>\u00bfQU\u00c9 DATOS SER\u00c1N RECOLECTADOS?<\/strong><\/p>\n<p><\/p>\n<p>Para una mejor atenci\u00f3n y comprensi\u00f3n de las necesidades e intereses del cliente, Gateware recolecta, exporta y usa las informaciones personales mediante el debido consentimiento y notificaci\u00f3n, adem\u00e1s de las debidas exigencias de las autoridades de protecci\u00f3n de datos, mientras sea posible.<\/p>\n<p><\/p>\n<p>Gateware recolecta los datos correspondientes al nombre del usuario, fotograf\u00eda, contacto telef\u00f3nico\/celular, e-mail, nombre de la empresa en que trabaja, funci\u00f3n o cargo ejercido, asunto de inter\u00e9s y direcci\u00f3n de la p\u00e1gina de LinkedIn. Si es necesario, Gateware solicitar\u00e1 un complemento de los datos recolectados, de acuerdo con la necesidad de cada finalidad, inclusive datos sensibles.<\/p>\n<p><\/p>\n<p>Cuando el usuario visita el sitio Web, Gateware puede grabar la direcci\u00f3n IP del usuario o usar cookies y otras tecnolog\u00edas de Internet (denominadas de ahora en adelante herramientas autom\u00e1ticas y links incorporados) para recolectar informaciones generales de los visitantes, as\u00ed como de sus intereses. A continuaci\u00f3n, est\u00e1n descriptas en detalle, las tecnolog\u00edas usadas y las informaciones recogidas.<\/p>\n<p><\/p>\n<p>Adem\u00e1s, Gateware puede recolectar y procesar cualquier informaci\u00f3n y dato proporcionado espont\u00e1neamente por el usuario, por ejemplo: cuando contacta a la empresa por cualquier medio, ya sea por e-mail, WhatsApp, redes sociales (Linkedin, Instagram, Facebook o Youtube), al inscribirse en eventos, suscribirse en newsletters, completar formularios, landing pages, pop ups, partcipar de encuestas online, de grupos o foros de discusi\u00f3n, o efectuar compras.<\/p>\n<p><br><\/p>\n<p><\/p>\n<p><strong>\u00bfCU\u00c1LES SON TUS DERECHOS?<\/strong><\/p>\n<p>Gateware le asegura a sus usuarios\/clientes sus derechos de titular previstos en el art\u00edculo 18 de la Ley General de Protecci\u00f3n de Datos. De esta forma pod\u00e9s&nbsp; gratuitamente y en cualquier momento:<\/p>\n<p><\/p>\n<ul>\n<li><strong>Confirmar la existencia de tratamiento de datos,<\/strong> de manera simplificada o en formato claro y completo.<\/li>\n<li><strong>Tener acceso a tus datos,<\/strong> pudiendo solicitarlos en copia legible impresa o por medio electr\u00f3nico, seguro e id\u00f3neo.<\/li>\n<li><strong>Corregir tus datos,<\/strong> al solicitar la modificaci\u00f3n, correcci\u00f3n o actualizaci\u00f3n de los mismos.<\/li>\n<li><strong>Limitar tus datos,<\/strong> manteni\u00e9ndolos an\u00f3nimos, bloqueados o elimin\u00e1ndolos, cuando son innecesarios, excesivos o tratados en discrepancia con la legislaci\u00f3n.<\/li>\n<li><strong>Solicitar a Gateware la portabilidad de tus datos,<\/strong> a trav\u00e9s de un informe de datos registrados.<\/li>\n<li><strong>Eliminar tus datos,<\/strong> tratados a partir de tu consentimiento, excepto en los casos previstos en la ley.<\/li>\n<li><strong>Anular tu consentimiento,<\/strong> desautorizando el tratamiento de tus datos.<\/li>\n<li><strong>Informarte sobre la posibilidad de no proporcionar tu consentimiento,<\/strong> y sobre las consecuencias de negarlo.<\/li>\n<\/ul>\n<p><strong>&nbsp;<\/strong><\/p>\n<p><strong>\u00bfC\u00d3MO POD\u00c9S EJERCER TUS DERECHOS DE TITULAR?<\/strong><\/p>\n<p>Para ejercer tus derechos de titular, deb\u00e9s contactarte con Gateware a trav\u00e9s de los siguientes medios disponibles:<\/p>\n<p><\/p>\n<p>E-mail&nbsp;<a href=\"mailto:faleconosco@gateware.com.br\" target=\"_blank\">faleconosco@gateware.com.br<\/a>, tel\u00e9fono +55 (41) 3180-0019, WhatsApp +55 (41) 9 9286-1859.<\/p>\n<p><\/p>\n<p>De esa forma garantiz\u00e1s tu correcta identificaci\u00f3n como titular de los datos personales, objeto de la solicitaci\u00f3n, siendo posible que solicitemos documentos y dem\u00e1s comprobantes que verifiquen tu identidad. En ese caso, ser\u00e1s informado previamente.<\/p>\n<p><strong>&nbsp;<\/strong><\/p>\n<p><strong>PRINCIPIOS B\u00c1SICOS SOBRE PRIVACIDAD GLOBAL<\/strong><\/p>\n<p>Las pr\u00e1cticas de privacidad de Gateware reflejan los principios y patrones globales que circulan en relaci\u00f3n a la manipulaci\u00f3n de las informaciones personales.&nbsp; Tales principios abarcan una notificaci\u00f3n sobre el uso de los datos, preferencia del uso de los datos, acceso a los datos, integridad de los datos, seguridad, transferencia continua y conformidad y supervisi\u00f3n. Gateware se somete a las leyes de privacidad de los pa\u00edses con quienes mantiene negocios.<\/p>\n<p><strong>&nbsp;<\/strong><\/p>\n<p><strong>CONSENTIMIENTO<\/strong><\/p>\n<p>Al acceder a este sitio Web, el usuario concuerda con los t\u00e9rminos de recolecci\u00f3n y uso de las informaciones descriptas en este documento. Si Gateware modifica esta Declaraci\u00f3n de Privacidad, publicar\u00e1 en este sitio las modificaciones, para que el usuario siempre sepa cu\u00e1les informaciones son recogidas y c\u00f3mo son usadas.<\/p>\n<p><\/p>\n<p>Peri\u00f3dicamente, conforme a lo exigido por la legislaci\u00f3n aplicable, Gateware tambi\u00e9n puede solicitar la expresa autorizaci\u00f3n del usuario para procesar determinados datos e informaciones recogidos en este sitio o proporcionados espont\u00e1neamente por el propio usuario.<\/p>\n<p><strong>&nbsp;<\/strong><\/p>\n<p><strong>RECOLECCI\u00d3N Y PROCESAMIENTO DE LOS DATOS PERSONALES<\/strong><\/p>\n<p>Para una mejor atenci\u00f3n y comprensi\u00f3n de las necesidades e intereses del cliente, Gateware recolecta, exporta y usa las informaciones personales mediante el debido consentimiento y notificaci\u00f3n, adem\u00e1s de las exigencias de las autoridades de protecci\u00f3n de datos, mientras sea posible.<\/p>\n<p><\/p>\n<p>Cuando el usuario visita el sitio Web, Gateware puede grabar la direcci\u00f3n IP del usuario o usar cookies y otras tecnolog\u00edas de Internet (denominadas de ahora en adelante herramientas autom\u00e1ticas y links incorporados) para recolectar informaciones generales de los visitantes, as\u00ed como, las que sean de su inter\u00e9s. A continuaci\u00f3n, est\u00e1n descriptas en detalle las tecnolog\u00edas usadas y las informaciones recogidas.<\/p>\n<p><\/p>\n<p>Adem\u00e1s, Gateware puede recolectar y procesar cualquier informaci\u00f3n y dato proporcionado espont\u00e1neamente por el usuario, por ejemplo: cuando contact\u00e1s a la empresa por cualquier medio, ya sea por e-mail, WhatsApp, redes sociales (Linkedin, Instagram, Facebook o Youtube), al inscribirse en eventos, suscribirse en newsletters, completar formularios, landing pages, pop ups, partcipar de encuestas online, de grupos o foros de discusi\u00f3n, o efectuar compras.<\/p>\n<p><strong>&nbsp;<\/strong><\/p>\n<p><strong>USO Y FINALIDAD DE LOS DATOS PERSONALES RECOGIDOS<\/strong><\/p>\n<p>Las informaciones recogidas, que pretender\u00e1n comprender las necesidades y los intereses del usuario, permiten a Gateware proporcionar una experiencia consistente y personalizada. Gateware podr\u00e1 usar esas informaciones exclusivamente conforme est\u00e1 descripto en esta Declaraci\u00f3n de Privacidad y\/o conforme lo especificado en el momento de la recolecci\u00f3n de las informaciones. Gateware no modificar\u00e1 posteriormente la forma de uso de los datos personales sin el consentimiento expreso del usuario, conforme exige la ley aplicada.&nbsp; Los datos personales del usuario son usados por Gateware para, entre otros:<\/p>\n<p><\/p>\n<p>Mantener el usuario actualizado respecto de los m\u00e1s recientes servicios y productos, actualizaciones y upgrade de software, patches de seguridad, ofertas especiales y otras informaciones. Eso puede, ocasionalmente, incluir informaciones de otras empresas de tecnolog\u00eda o sociedades de negocios sobre productos y servicios que agreguen valor a los servicios y productos Gateware.<\/p>\n<p><\/p>\n<p>Personalizar las informaciones sobre los productos y servicios de Gateware para atender a los intereses espec\u00edficos de cada usuario. Por ejemplo, durante la visita al sitio, tal personalizaci\u00f3n le permite a Gateware proporcionar informaciones de productos y servicios de inter\u00e9s espec\u00edfico del usuario.<\/p>\n<p><\/p>\n<p>Ofrecer la participaci\u00f3n en sorteos, concursos o en otras actividades promocionales en gateware.com.br o en sitios asociados. Los datos personales pueden ser recogidos para supervisar esos programas.<\/p>\n<p><\/p>\n<p>Aplicar cuestionarios y conducir encuestas pretendiendo ofrecer productos y servicios de mejor calidad a los clientes y usuarios de Gateware. Completar los cuestionarios es un acto voluntario del usuario.<\/p>\n<p><\/p>\n<p>Colaborar en la selecci\u00f3n de candidatos, en las consultas de reclutamiento de profesionales y cumplir las obligaciones contractuales, as\u00ed como utilizar acciones que acompa\u00f1an y monitorean el desarrollo de los colaboradores y candidatos.<\/p>\n<p><strong>&nbsp;<\/strong><\/p>\n<p><strong>USO Y FINALIDAD DE LOS DATOS PERSONALES RECOGIDOS EN LA SOLUCI\u00d3N LIVID: PRUEBA DE VIDA Y ACTUALIZACI\u00d3N DIGITAL<\/strong><\/p>\n<p>Utilizamos los datos durante la Prueba de Vida y Actualizaci\u00f3n Digital para el jubilado\/pensionado, pudiendo solicitar (a trav\u00e9s de una funci\u00f3n del aplicativo) la exclusi\u00f3n de esos datos al dejar de usarlos. Los protocolos de la transferencia de datos son seguros (HTTPS y SSL); los datos se almacenan de forma cifrada en el banco de datos y no es posible extraer datos sin la llave de encriptaci\u00f3n.<\/p>\n<p><\/p>\n<p>El t\u00e9rmino que se usa lo define la instituci\u00f3n\/fundaci\u00f3n y, despu\u00e9s de la conclusi\u00f3n y validaci\u00f3n por la instituci\u00f3n\/fundaci\u00f3n, ese t\u00e9rmino de uso se env\u00eda para Bexpo (que pertenece al Grupo Gateware) quien genera la aplicaci\u00f3n con la identidad visual de la instituci\u00f3n\/fundaci\u00f3n y con el t\u00e9rmino de uso que ella defini\u00f3.<\/p>\n<p><strong>&nbsp;<\/strong><\/p>\n<p><strong>DIRECCIONES IP<\/strong><\/p>\n<p>Gateware usa direcciones IP para ayudar a diagnosticar problemas, administrar el sitio y recoger informaciones demogr\u00e1ficas. Gateware tambi\u00e9n puede usar direcciones IP u otras informaciones, como las del usuario gateware.com.br, suitesdigitais.gateware.com.br y gateware.gupy.io compartidas por \u00e9l mismo en este sitio o en cualquier ocasi\u00f3n anterior, o una clave de campa\u00f1a, pretendiendo identificar las p\u00e1ginas del sitio visitadas y los t\u00f3picos de inter\u00e9s para que Gateware ofrezca al usuario informaciones pertinentes sobre productos y servicios. En general, Gateware recoge esos datos de forma exclusivamente an\u00f3nima y no los vincula a ning\u00fan usuario espec\u00edfico, a no ser que \u00e9l mismo lo autorice.&nbsp; (Cuando el usuario visita el sitio, Gateware reconoce solamente el nombre de dominio del usuario.)<\/p>\n<p><\/p>\n<p>Gateware recoge informaciones relacionadas a la visita del usuario al sitio Gateware, as\u00ed como sus perfiles oficiales de Facebook, Instagram, LinkedIn e Youtube, adem\u00e1s de las visitas a direcciones electr\u00f3nicas de sus competidores.<\/p>\n<p><strong>&nbsp;<\/strong><\/p>\n<p><strong>HERRAMIENTAS AUTOM\u00c1TICAS&nbsp;<\/strong><\/p>\n<p>Adem\u00e1s de las informaciones proporcionadas por el propio usuario, Gateware tambi\u00e9n puede recoger informaciones durante la visita al sitio Gateware, usando herramientas autom\u00e1ticas, entre ellas, beacons de la Web, cookies, links incorporados y otras herramientas de recolecci\u00f3n de datos usadas normalmente.&nbsp; Esas herramientas recogen ciertas informaciones patr\u00f3n enviadas por el navegador del usuario al sitio Gateware, como: tipo de navegador e idioma, cantidad de accesos, per\u00edodos de acceso y direcci\u00f3n del sitio que condujo al usuario a la p\u00e1gina Gateware. Con esas herramientas, Gateware tambi\u00e9n puede confirmar la recepci\u00f3n de e-mails enviados con el consentimiento del destinatario y rastrear otras informaciones, por ejemplo, p\u00e1ginas visitadas en el sitio Gateware y si el destinatario se registra o no en eventos ofrecidos por Gateware, adem\u00e1s de otros datos recogidos, no relacionados a ning\u00fan usuario espec\u00edfico.<\/p>\n<p><strong>&nbsp;<\/strong><\/p>\n<p><strong>LINKS INCORPORADOS<\/strong><\/p>\n<p>Los e-mails enviados por Gateware generalmente contienen links destinados a dirigir al usuario a un \u00e1rea relevante en la Web y, despu\u00e9s, redireccionarlo por los servidores de Gateware.&nbsp; Este sistema de redirecci\u00f3n le permite a Gateware, en caso de necesidad, modificar la URL de destino de esos links, y determinar la eficacia de las iniciativas de marketing.<\/p>\n<p><\/p>\n<p>En los e-mails, esos links tambi\u00e9n permiten a Gateware determinar si el usuario clique\u00f3 en el link contenido en el mail, y las informaciones de esa interacci\u00f3n pueden ser vinculadas a la identificaci\u00f3n personal del usuario. Si el usuario no quiere que Gateware recoja las informaciones de los links que clique\u00f3, basta no cliquear en el link contenido en el e-mail enviado por Gateware.<\/p>\n<p><strong>&nbsp;<\/strong><\/p>\n<p><strong>COOKIES<\/strong><\/p>\n<p>Gateware usa cookies para proporcionar contenido personalizado, para que el usuario no tenga que digitar repetidamente la clave y para que Gateware personalice las informaciones proporcionadas al usuario de acuerdo con la manera como el propio usuario y otros m\u00e1s, usan el sitio.<\/p>\n<p><\/p>\n<p>Los cookies tambi\u00e9n son utilizados para optimizar el desempe\u00f1o del sitio y hacer nuestros sitios web m\u00e1s f\u00e1ciles para trabajar, dej\u00e1ndolos m\u00e1s agradables para los visitantes y garantiz\u00e1ndote que tengas una experiencia de navegaci\u00f3n m\u00e1s personalizada. Esos cookies pueden, por ejemplo, recordarte tu elecci\u00f3n de idioma y \u00e1rea de clientes.<\/p>\n<p><\/p>\n<p>Los sitios del Grupo Gateware (<a href=\"https:\/\/gateware.com.br\">gateware.com.br<\/a> y <a href=\"http:\/\/bexpo.com.br\" rel=\"nofollow noopener\" target=\"_blank\">bexpo.com.br<\/a>) utilizan cookies que, con base en las p\u00e1ginas que vos visit\u00e1s, mantienen un registro de los productos o servicios en los &nbsp;que vos puedas estar interesado. Por medio de esos cookies y con las herramientas de la red de publicidad de Google (Google Analytics), podemos mostrarte los anuncios en otros sitios que forman parte de la red de publicidad de Google con productos y servicios que puedan interesarte. Esa t\u00e9cnica se llama \u00abremarketing\u00bb.<\/p>\n<p><strong>&nbsp;<\/strong><\/p>\n<p><strong>DIRECCIONES DE E-MAIL<\/strong><\/p>\n<p>Si el usuario opta por proporcionar la direcci\u00f3n de e-mail a Gateware, la comunicaci\u00f3n se har\u00e1 por e-mail. Gateware no divulga la direcci\u00f3n de e-mail del usuario a empresas que no pertenezcan al grupo de Gateware. El usuario puede, en cualquier momento, optar por no recibir m\u00e1s e-mails de Gateware.<\/p>\n<p><\/p>\n<p>Dependiendo de la configuraci\u00f3n del servidor de e-mail del usuario, las informaciones del usuario pueden ser autom\u00e1ticamente transmitidas cuando \u00e9l envia un e-mail a Gateware.<\/p>\n<p><strong>&nbsp;<\/strong><\/p>\n<p><strong>INTERCAMBIO DE DATOS PERSONALES<\/strong><\/p>\n<p>Como empresa de actuaci\u00f3n global, los sitios del Grupo Gateware son accesibles en todo el mundo. Cualquier informaci\u00f3n y datos proporcionados espont\u00e1neamente por el propio usuario en cualquier pa\u00eds pueden enviarse electr\u00f3nicamente para el servidor de Gateware, en otro pa\u00eds, que quiz\u00e1s no sea el mismo que el del usuario.&nbsp; Gateware resguarda los intereses de privacidad del usuario en todo el mundo, garantizando que el sitio de Gateware obedezca a los principios de protecci\u00f3n de datos descriptos en esta declaraci\u00f3n.<\/p>\n<p><\/p>\n<p>Gateware tambi\u00e9n puede compartir esas informaciones con socios de negocios, proveedores de servicios, otros agentes o contratistas autorizados, para proveer el servicio o la transacci\u00f3n solicitada.<\/p>\n<p><\/p>\n<p>Gateware pone solamente a disposici\u00f3n de esos terceros la cantidad m\u00ednima de datos personales necesarios para proveer servicios en nombre de Gateware, y tales terceros est\u00e1n autorizados a usar los datos personales del usuario solamente con la finalidad exclusiva de completar el servicio.<\/p>\n<p><\/p>\n<p>Gateware no vende ni arrienda los datos personales del usuario a terceros para fines de marketing, al menos que el usuario lo haya autorizado.<\/p>\n<p><\/p>\n<p>Habr\u00e1 circunstancias en que, ya sea por razones estrat\u00e9gicas o por otras razones empresariales, Gateware decida vender, comprar, incorporar o de otra manera reorganizar los negocios en algunos pa\u00edses. Ese tipo de transacci\u00f3n puede involucrar, seg\u00fan las leyes aplicables, la revelaci\u00f3n de informaciones personales a compradores potenciales o reales, o la recepci\u00f3n de tales informaciones proporcionadas por los vendedores. Forma parte de la pr\u00e1ctica de Gateware buscar la protecci\u00f3n apropiada de las informaciones en esos tipos de transacciones.<\/p>\n<p><\/p>\n<p>Gateware puede recoger y posiblemente compartir los datos personales y cualquier otra informaci\u00f3n disponible para investigar, prevenir o tomar providencias relativas a actividades ilegales, a sospechas de fraude, a situaciones que envuelven posibles amenazas, a la seguridad f\u00edsica de cualquier persona, a violaciones de los t\u00e9rminos de uso de Gateware o a alguna otra exigencia legal.<\/p>\n<p><\/p>\n<p>Durante la visita a los sitios del Grupo Gateware, el usuario puede ser dirijido a contenido o funcionalidad alojada por otro proveedor, no en el sitio gateware.com.br o bexpo.com.br. Muchas veces, eso se hace para alojar eventos especiales, como concursos o seminarios. Cuando las informaciones son recogidas en el nombre exclusivamente de Gateware, la declaraci\u00f3n de privacidad de la entidad apropiada de Gateware ser\u00e1 mencionada en el sitio y regir\u00e1 el modo en que las informaciones se usan. En el caso de otros sitios, no-Grupo Gateware, ser\u00e1 mencionada la pol\u00edtica de privacidad del propietario del sitio. Forma parte de la pr\u00e1ctica de Gateware exigir de tales proveedores y socios de negocios la manipulaci\u00f3n de las informaciones en conformidad con la declaraci\u00f3n de privacidad de Gateware.<\/p>\n<p><strong>&nbsp;<\/strong><\/p>\n<p><strong>SEGURIDAD DE LOS DATOS PERSONALES<\/strong><\/p>\n<p>Gateware se compromete a proteger los datos personales del usuario compartidos con ella. Gateware usa una combinaci\u00f3n de tecnolog\u00edas, procedimientos y medidas organizativas de seguridad patr\u00f3n del sector para proteger los datos personales del usuario contra el acceso, el uso o la divulgaci\u00f3n no autorizada. Gateware tiene soporte y seguridad, usando una tecnolog\u00eda segura de servidor, pretendiendo garantizar la seguridad de los datos del usuario. Existen acuerdos y facilidades de seguridad de vanguardia en los sitios del Grupo Gateware para evitar el abuso.<\/p>\n<p><\/p>\n<p>Gateware exige de sus colaboradores la observaci\u00f3n de los derechos a la confianza y privacidad del usuario.<\/p>\n<p><strong>&nbsp;<\/strong><\/p>\n<p><strong>LINKS PARA OTROS SITIOS<\/strong><\/p>\n<p>Este sitio puede contener links para otros sitios. Gateware no se responsabiliza por pr\u00e1cticas de privacidad o por el contenido de otros sitios de empresas que no pertenezcan a Gateware.<\/p>\n<p><strong>&nbsp;<\/strong><\/p>\n<p><strong>OPCI\u00d3N POR LA NO RECEPCI\u00d3N DE COMUNICADOS<\/strong><\/p>\n<p>Gateware se comunica regularmente por e-mail, WhatsApp, mensajes o video llamadas con los usuarios suscriptores de los servicios de Gateware, como tambi\u00e9n, puede comunicarse por tel\u00e9fono para atender los reclamos del cliente o investigar transacciones sospechosas.&nbsp; Gateware puede usar la direcci\u00f3n de e-mail del usuario para confirmar la apertura de cuenta del usuario, enviar informaciones sobre modificaciones en los productos y servicios de Gateware y enviar avisos y otras especificaciones exigidos por la ley. En general, el usuario no puede cancelar la recepci\u00f3n de esos comunicados, pero ellos son de naturaleza b\u00e1sicamente informativa.<\/p>\n<p><\/p>\n<p>Gateware ofrece al usuario la posibilidad de cancelar la recepci\u00f3n, en el caso que no quiera otros tipos de comunicados de Gateware, como e-mails o actualizaciones sobre nuevos servicios y productos ofrecidos en este sitio, o en el caso que no quiera que Gateware comparta sus informaciones personales con terceros. La opci\u00f3n de no recibir ese tipo de comunicado puede hacerse cancelando la inscripci\u00f3n en contacto por e-mail: faleconosco@gateware.com.br o cliqueando en la funci\u00f3n desuscribirme de e-mail, proporcionado por la herramienta RD Station.<\/p>\n<p><strong>&nbsp;<\/strong><\/p>\n<p><strong>RETENCI\u00d3N DE DATOS<\/strong><\/p>\n<p>Gateware no retiene los datos personales del usuario por m\u00e1s tiempo que lo necesario para cumplir con las finalidades para las cuales se recogieron o conforme las exigencias de la legislaci\u00f3n y de las reglamentaciones aplicables.<\/p>\n<p><\/p>\n<p>Gateware precisa de la colaboraci\u00f3n del usuario para mantener actualizados los datos personales compartidos con \u00e9l. En el caso de un usuario registrado, \u00e9l mismo puede actualizarlos, enviando un e-mail a<a href=\"mailto:faleconosco@gateware.com.br\" target=\"_blank\"> faleconosco@gateware.com.br<\/a>.<\/p>\n<p><\/p>\n<p>Si el usuario tiene cualquier otra duda sobre esta declaraci\u00f3n de privacidad o si quiere examinar mejor las informaciones mantenidas por el Grupo Gateware a su respecto, debe contactarse:&nbsp;<a href=\"mailto:faleconosco@gateware.com.br\" target=\"_blank\">faleconosco@gateware.com.br<\/a>.<\/p>\t\t\t\t\t\t\t\t<\/div>\n\t\t\t\t<\/div>\n\t\t\t\t\t<\/div>\n\t\t<\/div>\n\t\t\t\t\t<\/div>\n\t\t<\/section>\n\t\t\t\t<\/div>\n\t\t","protected":false},"excerpt":{"rendered":"<p>En Gateware, privacidad y seguridad son prioridades y nos comprometemos con la transparencia del tratamiento de datos personales de nuestros usuarios\/clientes. Por eso, la presente Pol\u00edtica de Privacidad establece c\u00f3mo se hace la recolecci\u00f3n, uso y transferencia de informaci\u00f3n de los clientes u otras personas que acceden o usan nuestro sitio web. Cuando utiliz\u00e1s nuestros [&hellip;]<\/p>\n","protected":false},"author":1,"featured_media":0,"parent":0,"menu_order":0,"comment_status":"closed","ping_status":"closed","template":"","meta":{"_acf_changed":false,"footnotes":""},"class_list":["post-3","page","type-page","status-publish","hentry"],"acf":[],"_links":{"self":[{"href":"https:\/\/gateware.com.br\/es\/wp-json\/wp\/v2\/pages\/3","targetHints":{"allow":["GET"]}}],"collection":[{"href":"https:\/\/gateware.com.br\/es\/wp-json\/wp\/v2\/pages"}],"about":[{"href":"https:\/\/gateware.com.br\/es\/wp-json\/wp\/v2\/types\/page"}],"author":[{"embeddable":true,"href":"https:\/\/gateware.com.br\/es\/wp-json\/wp\/v2\/users\/1"}],"replies":[{"embeddable":true,"href":"https:\/\/gateware.com.br\/es\/wp-json\/wp\/v2\/comments?post=3"}],"version-history":[{"count":20,"href":"https:\/\/gateware.com.br\/es\/wp-json\/wp\/v2\/pages\/3\/revisions"}],"predecessor-version":[{"id":2052,"href":"https:\/\/gateware.com.br\/es\/wp-json\/wp\/v2\/pages\/3\/revisions\/2052"}],"wp:attachment":[{"href":"https:\/\/gateware.com.br\/es\/wp-json\/wp\/v2\/media?parent=3"}],"curies":[{"name":"wp","href":"https:\/\/api.w.org\/{rel}","templated":true}]}}